{"id":19,"date":"2018-08-16T08:24:56","date_gmt":"2018-08-16T08:24:56","guid":{"rendered":"https:\/\/www.athenastudio.co\/themes\/appme-wp\/?page_id=19"},"modified":"2024-08-23T13:35:28","modified_gmt":"2024-08-23T13:35:28","slug":"service","status":"publish","type":"page","link":"https:\/\/mmp-elektrotechnik.at\/index.php\/service\/","title":{"rendered":"Unsere Services"},"content":{"rendered":"<div class=\"wpb-content-wrapper\"><p>[vc_row][vc_column]<div class=\"row\">\r\n\t\t\t\t\t\t<div class=\"col-xs-12 col-md-8 col-md-offset-2\">\r\n\t\t\t\t\t\t\t<div class=\"section-title  \"><h2>Unsere <strong>Services<\/strong><\/h2><p>Von der Planung und Installation bis hin zur Wartung und Optimierung \u2013 bei uns erhalten Sie alles aus einer Hand. Pers\u00f6nliches Engagement und Flexibilit\u00e4t flie\u00dfen bei uns in jedes Projekt mit ein. Kontaktieren Sie uns f\u00fcr ein unverbindliches, individuelles Angebot.<\/p><\/div>\t\t\t\t\t\t\r\n\t\t\t\t\t\t<\/div>\r\n\t\t\t\t\t<\/div>[\/vc_column][\/vc_row][vc_row][vc_column width=&#8221;1\/3&#8243;]<div ><div class=\"feature-box box-left\">\r\n\t\t\t\t\t<div class=\"box-icon\"><i class=\"fas fa-solar-panel\"><\/i><\/div>\r\n\t\t\t\t\t<div class=\"box-title\">Photovoltaik<\/div>\r\n\t\t\t\t\t<div class=\"box-text\">Nachhaltige Energie f\u00fcr Ihr Zuhause &#8211; Nutzen Sie die Kraft der Sonne mit unseren ma\u00dfgeschneiderten Photovoltaik-L\u00f6sungen.<\/div>\r\n\t\t\t\t<\/div><div class=\"feature-box box-left\">\r\n\t\t\t\t\t<div class=\"box-icon\"><i class=\"fas fa-shield-alt\"><\/i><\/div>\r\n\t\t\t\t\t<div class=\"box-title\">Sicherheitstechnik<\/div>\r\n\t\t\t\t\t<div class=\"box-text\">Erh\u00f6hen Sie die Sicherheit Ihres Zuhauses oder Unternehmens mit unseren modernen Kamera- und Sicherheitssystemen.<\/div>\r\n\t\t\t\t<\/div><div class=\"feature-box box-left\">\r\n\t\t\t\t\t<div class=\"box-icon\"><i class=\"fas fa-home\"><\/i><\/div>\r\n\t\t\t\t\t<div class=\"box-title\">Smart Home<\/div>\r\n\t\t\t\t\t<div class=\"box-text\">Erh\u00f6hter Komfort, gesteigerte Energieeffizienz und umfassende Sicherheit in Ihrem Zuhause-Erleben Sie die Zukunft des Wohnens mit innovativen Smart Home L\u00f6sungen.<\/div>\r\n\t\t\t\t<\/div><div class=\"feature-box box-left\">\r\n\t\t\t\t\t<div class=\"box-icon\"><i class=\"fas fa-wifi\"><\/i><\/div>\r\n\t\t\t\t\t<div class=\"box-title\">Netzwerktechnik<\/div>\r\n\t\t\t\t\t<div class=\"box-text\">Netzwerktechnik ist essenziell f\u00fcr die moderne Elektrotechnik. Wir planen, installieren und warten zuverl\u00e4ssige, schnelle Netzwerke. Vertrauen Sie auf unsere Expertise f\u00fcr eine zukunftssichere digitale Infrastruktur.<\/div>\r\n\t\t\t\t<\/div><\/div>[\/vc_column][vc_column width=&#8221;1\/3&#8243; el_class=&#8221;text-center feature-center&#8221; offset=&#8221;vc_hidden-xs&#8221;][vc_single_image image=&#8221;539&#8243; img_size=&#8221;full&#8221; alignment=&#8221;center&#8221; css=&#8221;.vc_custom_1724133254322{margin-bottom: 35px !important;}&#8221;][\/vc_column][vc_column width=&#8221;1\/3&#8243;]<div ><div class=\"feature-box box-right\">\r\n\t\t\t\t\t<div class=\"box-icon\"><i class=\"fas fa-plug\"><\/i><\/div>\r\n\t\t\t\t\t<div class=\"box-title\">Elektroinstallation<\/div>\r\n\t\t\t\t\t<div class=\"box-text\">Ihre Basis f\u00fcr moderne Technik &#8211; Wir bieten erstklassige Elektroinstallationen, die perfekt auf Ihre Bed\u00fcrfnisse abgestimmt sind.<\/div>\r\n\t\t\t\t<\/div><div class=\"feature-box box-right\">\r\n\t\t\t\t\t<div class=\"box-icon\"><i class=\"far fa-lightbulb\"><\/i><\/div>\r\n\t\t\t\t\t<div class=\"box-title\">Lichtl\u00f6sungen<\/div>\r\n\t\t\t\t\t<div class=\"box-text\">Entdecken Sie unsere innovativen Beleuchtungskonzepte, steigern Sie den Wohlf\u00fchlfaktor und bringen Sie Ihre R\u00e4ume zum Leuchten.<\/div>\r\n\t\t\t\t<\/div><div class=\"feature-box box-right\">\r\n\t\t\t\t\t<div class=\"box-icon\"><i class=\"fas fa-bolt\"><\/i><\/div>\r\n\t\t\t\t\t<div class=\"box-title\">Blitzschutz<\/div>\r\n\t\t\t\t\t<div class=\"box-text\">Unsere Blitzschutzsysteme bieten Ihrem Geb\u00e4ude und seinen Bewohnern einen zuverl\u00e4ssigen Schutz vor den Risiken von Blitzeinschl\u00e4gen.<\/div>\r\n\t\t\t\t<\/div><div class=\"feature-box box-right\">\r\n\t\t\t\t\t<div class=\"box-icon\"><i class=\"fas fa-clipboard-check\"><\/i><\/div>\r\n\t\t\t\t\t<div class=\"box-title\">Anlagen\u00fcberpr\u00fcfung<\/div>\r\n\t\t\t\t\t<div class=\"box-text\">Regelm\u00e4\u00dfige \u00dcberpr\u00fcfungen elektrischer Anlagen, einschlie\u00dflich der Erstellung eines Elektroattests, gew\u00e4hrleisten Sicherheit, verhindern Ausf\u00e4lle und stellen die Einhaltung gesetzlicher Anforderungen sicher.<\/div>\r\n\t\t\t\t<\/div><\/div>[\/vc_column][\/vc_row]<\/p>\n<\/div>","protected":false},"excerpt":{"rendered":"<p>[vc_row][vc_column][\/vc_column][\/vc_row][vc_row][vc_column width=&#8221;1\/3&#8243;][\/vc_column][vc_column width=&#8221;1\/3&#8243; el_class=&#8221;text-center feature-center&#8221; offset=&#8221;vc_hidden-xs&#8221;][vc_single_image image=&#8221;539&#8243; img_size=&#8221;full&#8221; alignment=&#8221;center&#8221; css=&#8221;.vc_custom_1724133254322{margin-bottom: 35px !important;}&#8221;][\/vc_column][vc_column width=&#8221;1\/3&#8243;][\/vc_column][\/vc_row]<\/p>\n","protected":false},"author":1,"featured_media":0,"parent":0,"menu_order":0,"comment_status":"closed","ping_status":"closed","template":"","meta":{"footnotes":""},"class_list":["post-19","page","type-page","status-publish","hentry"],"yoast_head":"<!-- This site is optimized with the Yoast SEO plugin v23.2 - https:\/\/yoast.com\/wordpress\/plugins\/seo\/ -->\n<title>Unsere Services - MMP Elektrotechnik GmbH<\/title>\n<meta name=\"robots\" content=\"index, follow, max-snippet:-1, max-image-preview:large, max-video-preview:-1\" \/>\n<link rel=\"canonical\" href=\"https:\/\/mmp-elektrotechnik.at\/index.php\/service\/\" \/>\n<meta property=\"og:locale\" content=\"de_DE\" \/>\n<meta property=\"og:type\" content=\"article\" \/>\n<meta property=\"og:title\" content=\"Unsere Services - MMP Elektrotechnik GmbH\" \/>\n<meta property=\"og:description\" content=\"[vc_row][vc_column][\/vc_column][\/vc_row][vc_row][vc_column width=&#8221;1\/3&#8243;][\/vc_column][vc_column width=&#8221;1\/3&#8243; el_class=&#8221;text-center feature-center&#8221; offset=&#8221;vc_hidden-xs&#8221;][vc_single_image image=&#8221;539&#8243; img_size=&#8221;full&#8221; alignment=&#8221;center&#8221; css=&#8221;.vc_custom_1724133254322{margin-bottom: 35px !important;}&#8221;][\/vc_column][vc_column width=&#8221;1\/3&#8243;][\/vc_column][\/vc_row]\" \/>\n<meta property=\"og:url\" content=\"https:\/\/mmp-elektrotechnik.at\/index.php\/service\/\" \/>\n<meta property=\"og:site_name\" content=\"MMP Elektrotechnik GmbH\" \/>\n<meta property=\"article:modified_time\" content=\"2024-08-23T13:35:28+00:00\" \/>\n<meta name=\"twitter:card\" content=\"summary_large_image\" \/>\n<meta name=\"twitter:label1\" content=\"Gesch\u00e4tzte Lesezeit\" \/>\n\t<meta name=\"twitter:data1\" content=\"2\u00a0Minuten\" \/>\n<script type=\"application\/ld+json\" class=\"yoast-schema-graph\">{\"@context\":\"https:\/\/schema.org\",\"@graph\":[{\"@type\":\"WebPage\",\"@id\":\"https:\/\/mmp-elektrotechnik.at\/index.php\/service\/\",\"url\":\"https:\/\/mmp-elektrotechnik.at\/index.php\/service\/\",\"name\":\"Unsere Services - MMP Elektrotechnik GmbH\",\"isPartOf\":{\"@id\":\"https:\/\/mmp-elektrotechnik.at\/#website\"},\"datePublished\":\"2018-08-16T08:24:56+00:00\",\"dateModified\":\"2024-08-23T13:35:28+00:00\",\"breadcrumb\":{\"@id\":\"https:\/\/mmp-elektrotechnik.at\/index.php\/service\/#breadcrumb\"},\"inLanguage\":\"de\",\"potentialAction\":[{\"@type\":\"ReadAction\",\"target\":[\"https:\/\/mmp-elektrotechnik.at\/index.php\/service\/\"]}]},{\"@type\":\"BreadcrumbList\",\"@id\":\"https:\/\/mmp-elektrotechnik.at\/index.php\/service\/#breadcrumb\",\"itemListElement\":[{\"@type\":\"ListItem\",\"position\":1,\"name\":\"Startseite\",\"item\":\"https:\/\/mmp-elektrotechnik.at\/\"},{\"@type\":\"ListItem\",\"position\":2,\"name\":\"Unsere Services\"}]},{\"@type\":\"WebSite\",\"@id\":\"https:\/\/mmp-elektrotechnik.at\/#website\",\"url\":\"https:\/\/mmp-elektrotechnik.at\/\",\"name\":\"MMP Elektrotechnik GmbH\",\"description\":\"\",\"potentialAction\":[{\"@type\":\"SearchAction\",\"target\":{\"@type\":\"EntryPoint\",\"urlTemplate\":\"https:\/\/mmp-elektrotechnik.at\/?s={search_term_string}\"},\"query-input\":\"required name=search_term_string\"}],\"inLanguage\":\"de\"}]}<\/script>\n<!-- \/ Yoast SEO plugin. -->","yoast_head_json":{"title":"Unsere Services - MMP Elektrotechnik GmbH","robots":{"index":"index","follow":"follow","max-snippet":"max-snippet:-1","max-image-preview":"max-image-preview:large","max-video-preview":"max-video-preview:-1"},"canonical":"https:\/\/mmp-elektrotechnik.at\/index.php\/service\/","og_locale":"de_DE","og_type":"article","og_title":"Unsere Services - MMP Elektrotechnik GmbH","og_description":"[vc_row][vc_column][\/vc_column][\/vc_row][vc_row][vc_column width=&#8221;1\/3&#8243;][\/vc_column][vc_column width=&#8221;1\/3&#8243; el_class=&#8221;text-center feature-center&#8221; offset=&#8221;vc_hidden-xs&#8221;][vc_single_image image=&#8221;539&#8243; img_size=&#8221;full&#8221; alignment=&#8221;center&#8221; css=&#8221;.vc_custom_1724133254322{margin-bottom: 35px !important;}&#8221;][\/vc_column][vc_column width=&#8221;1\/3&#8243;][\/vc_column][\/vc_row]","og_url":"https:\/\/mmp-elektrotechnik.at\/index.php\/service\/","og_site_name":"MMP Elektrotechnik GmbH","article_modified_time":"2024-08-23T13:35:28+00:00","twitter_card":"summary_large_image","twitter_misc":{"Gesch\u00e4tzte Lesezeit":"2\u00a0Minuten"},"schema":{"@context":"https:\/\/schema.org","@graph":[{"@type":"WebPage","@id":"https:\/\/mmp-elektrotechnik.at\/index.php\/service\/","url":"https:\/\/mmp-elektrotechnik.at\/index.php\/service\/","name":"Unsere Services - MMP Elektrotechnik GmbH","isPartOf":{"@id":"https:\/\/mmp-elektrotechnik.at\/#website"},"datePublished":"2018-08-16T08:24:56+00:00","dateModified":"2024-08-23T13:35:28+00:00","breadcrumb":{"@id":"https:\/\/mmp-elektrotechnik.at\/index.php\/service\/#breadcrumb"},"inLanguage":"de","potentialAction":[{"@type":"ReadAction","target":["https:\/\/mmp-elektrotechnik.at\/index.php\/service\/"]}]},{"@type":"BreadcrumbList","@id":"https:\/\/mmp-elektrotechnik.at\/index.php\/service\/#breadcrumb","itemListElement":[{"@type":"ListItem","position":1,"name":"Startseite","item":"https:\/\/mmp-elektrotechnik.at\/"},{"@type":"ListItem","position":2,"name":"Unsere Services"}]},{"@type":"WebSite","@id":"https:\/\/mmp-elektrotechnik.at\/#website","url":"https:\/\/mmp-elektrotechnik.at\/","name":"MMP Elektrotechnik GmbH","description":"","potentialAction":[{"@type":"SearchAction","target":{"@type":"EntryPoint","urlTemplate":"https:\/\/mmp-elektrotechnik.at\/?s={search_term_string}"},"query-input":"required name=search_term_string"}],"inLanguage":"de"}]}},"_links":{"self":[{"href":"https:\/\/mmp-elektrotechnik.at\/index.php\/wp-json\/wp\/v2\/pages\/19","targetHints":{"allow":["GET"]}}],"collection":[{"href":"https:\/\/mmp-elektrotechnik.at\/index.php\/wp-json\/wp\/v2\/pages"}],"about":[{"href":"https:\/\/mmp-elektrotechnik.at\/index.php\/wp-json\/wp\/v2\/types\/page"}],"author":[{"embeddable":true,"href":"https:\/\/mmp-elektrotechnik.at\/index.php\/wp-json\/wp\/v2\/users\/1"}],"replies":[{"embeddable":true,"href":"https:\/\/mmp-elektrotechnik.at\/index.php\/wp-json\/wp\/v2\/comments?post=19"}],"version-history":[{"count":34,"href":"https:\/\/mmp-elektrotechnik.at\/index.php\/wp-json\/wp\/v2\/pages\/19\/revisions"}],"predecessor-version":[{"id":549,"href":"https:\/\/mmp-elektrotechnik.at\/index.php\/wp-json\/wp\/v2\/pages\/19\/revisions\/549"}],"wp:attachment":[{"href":"https:\/\/mmp-elektrotechnik.at\/index.php\/wp-json\/wp\/v2\/media?parent=19"}],"curies":[{"name":"wp","href":"https:\/\/api.w.org\/{rel}","templated":true}]}}