{"id":473,"date":"2024-08-09T13:06:16","date_gmt":"2024-08-09T13:06:16","guid":{"rendered":"https:\/\/mmp-elektrotechnik.at\/?page_id=473"},"modified":"2024-08-23T13:18:54","modified_gmt":"2024-08-23T13:18:54","slug":"impressum","status":"publish","type":"page","link":"https:\/\/mmp-elektrotechnik.at\/index.php\/impressum\/","title":{"rendered":"Impressum"},"content":{"rendered":"\n<p><strong>Verantwortlich f\u00fcr den Inhalt:<\/strong><\/p>\n\n\n\n<p>MMP Elektrotechnik GmbH<\/p>\n\n\n\n<p>Ing. Matthias Paulitsch<\/p>\n\n\n\n<p>Florianistra\u00dfe 1<\/p>\n\n\n\n<p>8403 Lebring<\/p>\n\n\n\n<p>E-Mail: office@mmp-elektrotechnik.at <\/p>\n\n\n\n<p>Tel.: \ud83d\udee0\ufe0f 0664\/52 76 675 | \ud83d\udda5\ufe0f 0664\/46 71 658<\/p>\n\n\n\n<p><\/p>\n\n\n\n<div style=\"height:40px\" aria-hidden=\"true\" class=\"wp-block-spacer\"><\/div>\n\n\n\n<p><strong>Disclaimer \u2013 rechtliche Hinweise<\/strong><\/p>\n\n\n\n<p>\u00a7 1 Warnhinweis zu Inhalten<\/p>\n\n\n\n<p>Die kostenlosen und frei zug\u00e4nglichen Inhalte dieser Webseite wurden mit gr\u00f6\u00dftm\u00f6glicher Sorgfalt erstellt. Der Anbieter dieser Webseite \u00fcbernimmt jedoch keine Gew\u00e4hr f\u00fcr die Richtigkeit und Aktualit\u00e4t der bereitgestellten kostenlosen und frei zug\u00e4nglichen journalistischen Ratgeber und Nachrichten. Namentlich gekennzeichnete Beitr\u00e4ge geben die Meinung des jeweiligen Autors und nicht immer die Meinung des Anbieters wieder. Allein durch den Aufruf der kostenlosen und frei zug\u00e4nglichen Inhalte kommt keinerlei Vertragsverh\u00e4ltnis zwischen dem Nutzer und dem Anbieter zustande, insoweit fehlt es am Rechtsbindungswillen des Anbieters.<\/p>\n\n\n\n<p>\u00a7 2 Externe Links<\/p>\n\n\n\n<p>Diese Website enth\u00e4lt Verkn\u00fcpfungen zu Websites Dritter (\u201eexterne Links\u201c). Diese Websites unterliegen der Haftung der jeweiligen Betreiber. Der Anbieter hat bei der erstmaligen Verkn\u00fcpfung der externen Links die fremden Inhalte daraufhin \u00fcberpr\u00fcft, ob etwaige Rechtsverst\u00f6\u00dfe bestehen. Zu dem Zeitpunkt waren keine Rechtsverst\u00f6\u00dfe ersichtlich. Der Anbieter hat keinerlei Einfluss auf die aktuelle und zuk\u00fcnftige Gestaltung und auf die Inhalte der verkn\u00fcpften Seiten. Das Setzen von externen Links bedeutet nicht, dass sich der Anbieter die hinter dem Verweis oder Link liegenden Inhalte zu Eigen macht. Eine st\u00e4ndige Kontrolle der externen Links ist f\u00fcr den Anbieter ohne konkrete Hinweise auf Rechtsverst\u00f6\u00dfe nicht zumutbar. Bei Kenntnis von Rechtsverst\u00f6\u00dfen werden jedoch derartige externe Links unverz\u00fcglich gel\u00f6scht.<\/p>\n\n\n\n<p>\u00a7 3 Urheber- und Leistungsschutzrechte<\/p>\n\n\n\n<p>Die auf dieser Website ver\u00f6ffentlichten Inhalte unterliegen dem deutschen Urheber- und Leistungsschutzrecht. Jede vom deutschen Urheber- und Leistungsschutzrecht nicht zugelassene Verwertung bedarf der vorherigen schriftlichen Zustimmung des Anbieters oder jeweiligen Rechteinhabers. Dies gilt insbesondere f\u00fcr Vervielf\u00e4ltigung, Bearbeitung, \u00dcbersetzung, Einspeicherung, Verarbeitung bzw. Wiedergabe von Inhalten in Datenbanken oder anderen elektronischen Medien und Systemen. Inhalte und Rechte Dritter sind dabei als solche gekennzeichnet. Die unerlaubte Vervielf\u00e4ltigung oder Weitergabe einzelner Inhalte oder kompletter Seiten ist nicht gestattet und strafbar. Lediglich die Herstellung von Kopien und Downloads f\u00fcr den pers\u00f6nlichen, privaten und nicht kommerziellen Gebrauch ist erlaubt.&nbsp;<\/p>\n\n\n\n<p>Bildernachweis:<\/p>\n\n\n\n<p>Die Bilder, Fotos und Grafiken auf dieser Webseite sind urheberrechtlich gesch\u00fctzt und d\u00fcrfen nicht kopiert, heruntergeladen und von anderen verwendet werden.<\/p>\n\n\n\n<p>\u00a7 4 Besondere Nutzungsbedingungen<\/p>\n\n\n\n<p>Soweit besondere Bedingungen f\u00fcr einzelne Nutzungen dieser Website von den vorgenannten Paragraphen abweichen, wird an entsprechender Stelle ausdr\u00fccklich darauf hingewiesen. In diesem Falle gelten im jeweiligen Einzelfall die besonderen Nutzungsbedingungen.<\/p>\n\n\n\n<p>&nbsp;Plattform der EU-Kommission zur Online-Streitbeilegung:&nbsp;<a href=\"https:\/\/ec.europa.eu\/odr\">https:\/\/ec.europa.eu\/odr<\/a><\/p>\n\n\n\n<p>Wir sind zur Teilnahme an einem Streitbeilegungsverfahren vor einer Verbraucherschlichtungsstelle weder verpflichtet noch bereit.<\/p>\n\n\n\n<p><strong>Dieses Impressum gilt auch f\u00fcr alle Social Media Auftritte.<\/strong><\/p>\n","protected":false},"excerpt":{"rendered":"<p>Verantwortlich f\u00fcr den Inhalt: MMP Elektrotechnik GmbH Ing. Matthias Paulitsch Florianistra\u00dfe 1 8403 Lebring E-Mail: office@mmp-elektrotechnik.at Tel.: \ud83d\udee0\ufe0f 0664\/52 76 675 | \ud83d\udda5\ufe0f 0664\/46 71 658 Disclaimer \u2013 rechtliche Hinweise \u00a7 1 Warnhinweis zu Inhalten Die kostenlosen und frei zug\u00e4nglichen Inhalte dieser Webseite wurden mit gr\u00f6\u00dftm\u00f6glicher Sorgfalt erstellt. Der Anbieter dieser Webseite \u00fcbernimmt jedoch keine [&hellip;]<\/p>\n","protected":false},"author":1,"featured_media":0,"parent":0,"menu_order":0,"comment_status":"closed","ping_status":"closed","template":"","meta":{"footnotes":""},"class_list":["post-473","page","type-page","status-publish","hentry"],"yoast_head":"<!-- This site is optimized with the Yoast SEO plugin v23.2 - https:\/\/yoast.com\/wordpress\/plugins\/seo\/ -->\n<title>Impressum - MMP Elektrotechnik GmbH<\/title>\n<meta name=\"robots\" content=\"index, follow, max-snippet:-1, max-image-preview:large, max-video-preview:-1\" \/>\n<link rel=\"canonical\" href=\"https:\/\/mmp-elektrotechnik.at\/index.php\/impressum\/\" \/>\n<meta property=\"og:locale\" content=\"de_DE\" \/>\n<meta property=\"og:type\" content=\"article\" \/>\n<meta property=\"og:title\" content=\"Impressum - MMP Elektrotechnik GmbH\" \/>\n<meta property=\"og:description\" content=\"Verantwortlich f\u00fcr den Inhalt: MMP Elektrotechnik GmbH Ing. Matthias Paulitsch Florianistra\u00dfe 1 8403 Lebring E-Mail: office@mmp-elektrotechnik.at Tel.: \ud83d\udee0\ufe0f 0664\/52 76 675 | \ud83d\udda5\ufe0f 0664\/46 71 658 Disclaimer \u2013 rechtliche Hinweise \u00a7 1 Warnhinweis zu Inhalten Die kostenlosen und frei zug\u00e4nglichen Inhalte dieser Webseite wurden mit gr\u00f6\u00dftm\u00f6glicher Sorgfalt erstellt. Der Anbieter dieser Webseite \u00fcbernimmt jedoch keine [&hellip;]\" \/>\n<meta property=\"og:url\" content=\"https:\/\/mmp-elektrotechnik.at\/index.php\/impressum\/\" \/>\n<meta property=\"og:site_name\" content=\"MMP Elektrotechnik GmbH\" \/>\n<meta property=\"article:modified_time\" content=\"2024-08-23T13:18:54+00:00\" \/>\n<meta name=\"twitter:card\" content=\"summary_large_image\" \/>\n<meta name=\"twitter:label1\" content=\"Gesch\u00e4tzte Lesezeit\" \/>\n\t<meta name=\"twitter:data1\" content=\"3\u00a0Minuten\" \/>\n<script type=\"application\/ld+json\" class=\"yoast-schema-graph\">{\"@context\":\"https:\/\/schema.org\",\"@graph\":[{\"@type\":\"WebPage\",\"@id\":\"https:\/\/mmp-elektrotechnik.at\/index.php\/impressum\/\",\"url\":\"https:\/\/mmp-elektrotechnik.at\/index.php\/impressum\/\",\"name\":\"Impressum - MMP Elektrotechnik GmbH\",\"isPartOf\":{\"@id\":\"https:\/\/mmp-elektrotechnik.at\/#website\"},\"datePublished\":\"2024-08-09T13:06:16+00:00\",\"dateModified\":\"2024-08-23T13:18:54+00:00\",\"breadcrumb\":{\"@id\":\"https:\/\/mmp-elektrotechnik.at\/index.php\/impressum\/#breadcrumb\"},\"inLanguage\":\"de\",\"potentialAction\":[{\"@type\":\"ReadAction\",\"target\":[\"https:\/\/mmp-elektrotechnik.at\/index.php\/impressum\/\"]}]},{\"@type\":\"BreadcrumbList\",\"@id\":\"https:\/\/mmp-elektrotechnik.at\/index.php\/impressum\/#breadcrumb\",\"itemListElement\":[{\"@type\":\"ListItem\",\"position\":1,\"name\":\"Startseite\",\"item\":\"https:\/\/mmp-elektrotechnik.at\/\"},{\"@type\":\"ListItem\",\"position\":2,\"name\":\"Impressum\"}]},{\"@type\":\"WebSite\",\"@id\":\"https:\/\/mmp-elektrotechnik.at\/#website\",\"url\":\"https:\/\/mmp-elektrotechnik.at\/\",\"name\":\"MMP Elektrotechnik GmbH\",\"description\":\"\",\"potentialAction\":[{\"@type\":\"SearchAction\",\"target\":{\"@type\":\"EntryPoint\",\"urlTemplate\":\"https:\/\/mmp-elektrotechnik.at\/?s={search_term_string}\"},\"query-input\":\"required name=search_term_string\"}],\"inLanguage\":\"de\"}]}<\/script>\n<!-- \/ Yoast SEO plugin. -->","yoast_head_json":{"title":"Impressum - MMP Elektrotechnik GmbH","robots":{"index":"index","follow":"follow","max-snippet":"max-snippet:-1","max-image-preview":"max-image-preview:large","max-video-preview":"max-video-preview:-1"},"canonical":"https:\/\/mmp-elektrotechnik.at\/index.php\/impressum\/","og_locale":"de_DE","og_type":"article","og_title":"Impressum - MMP Elektrotechnik GmbH","og_description":"Verantwortlich f\u00fcr den Inhalt: MMP Elektrotechnik GmbH Ing. Matthias Paulitsch Florianistra\u00dfe 1 8403 Lebring E-Mail: office@mmp-elektrotechnik.at Tel.: \ud83d\udee0\ufe0f 0664\/52 76 675 | \ud83d\udda5\ufe0f 0664\/46 71 658 Disclaimer \u2013 rechtliche Hinweise \u00a7 1 Warnhinweis zu Inhalten Die kostenlosen und frei zug\u00e4nglichen Inhalte dieser Webseite wurden mit gr\u00f6\u00dftm\u00f6glicher Sorgfalt erstellt. Der Anbieter dieser Webseite \u00fcbernimmt jedoch keine [&hellip;]","og_url":"https:\/\/mmp-elektrotechnik.at\/index.php\/impressum\/","og_site_name":"MMP Elektrotechnik GmbH","article_modified_time":"2024-08-23T13:18:54+00:00","twitter_card":"summary_large_image","twitter_misc":{"Gesch\u00e4tzte Lesezeit":"3\u00a0Minuten"},"schema":{"@context":"https:\/\/schema.org","@graph":[{"@type":"WebPage","@id":"https:\/\/mmp-elektrotechnik.at\/index.php\/impressum\/","url":"https:\/\/mmp-elektrotechnik.at\/index.php\/impressum\/","name":"Impressum - MMP Elektrotechnik GmbH","isPartOf":{"@id":"https:\/\/mmp-elektrotechnik.at\/#website"},"datePublished":"2024-08-09T13:06:16+00:00","dateModified":"2024-08-23T13:18:54+00:00","breadcrumb":{"@id":"https:\/\/mmp-elektrotechnik.at\/index.php\/impressum\/#breadcrumb"},"inLanguage":"de","potentialAction":[{"@type":"ReadAction","target":["https:\/\/mmp-elektrotechnik.at\/index.php\/impressum\/"]}]},{"@type":"BreadcrumbList","@id":"https:\/\/mmp-elektrotechnik.at\/index.php\/impressum\/#breadcrumb","itemListElement":[{"@type":"ListItem","position":1,"name":"Startseite","item":"https:\/\/mmp-elektrotechnik.at\/"},{"@type":"ListItem","position":2,"name":"Impressum"}]},{"@type":"WebSite","@id":"https:\/\/mmp-elektrotechnik.at\/#website","url":"https:\/\/mmp-elektrotechnik.at\/","name":"MMP Elektrotechnik GmbH","description":"","potentialAction":[{"@type":"SearchAction","target":{"@type":"EntryPoint","urlTemplate":"https:\/\/mmp-elektrotechnik.at\/?s={search_term_string}"},"query-input":"required name=search_term_string"}],"inLanguage":"de"}]}},"_links":{"self":[{"href":"https:\/\/mmp-elektrotechnik.at\/index.php\/wp-json\/wp\/v2\/pages\/473","targetHints":{"allow":["GET"]}}],"collection":[{"href":"https:\/\/mmp-elektrotechnik.at\/index.php\/wp-json\/wp\/v2\/pages"}],"about":[{"href":"https:\/\/mmp-elektrotechnik.at\/index.php\/wp-json\/wp\/v2\/types\/page"}],"author":[{"embeddable":true,"href":"https:\/\/mmp-elektrotechnik.at\/index.php\/wp-json\/wp\/v2\/users\/1"}],"replies":[{"embeddable":true,"href":"https:\/\/mmp-elektrotechnik.at\/index.php\/wp-json\/wp\/v2\/comments?post=473"}],"version-history":[{"count":5,"href":"https:\/\/mmp-elektrotechnik.at\/index.php\/wp-json\/wp\/v2\/pages\/473\/revisions"}],"predecessor-version":[{"id":541,"href":"https:\/\/mmp-elektrotechnik.at\/index.php\/wp-json\/wp\/v2\/pages\/473\/revisions\/541"}],"wp:attachment":[{"href":"https:\/\/mmp-elektrotechnik.at\/index.php\/wp-json\/wp\/v2\/media?parent=473"}],"curies":[{"name":"wp","href":"https:\/\/api.w.org\/{rel}","templated":true}]}}